
{"id":938,"date":"2020-12-09T00:36:48","date_gmt":"2020-12-09T00:36:48","guid":{"rendered":"https:\/\/everfortech.com\/?page_id=938"},"modified":"2020-12-10T05:19:44","modified_gmt":"2020-12-10T05:19:44","slug":"cercasi-hostess","status":"publish","type":"page","link":"https:\/\/everfortech.com\/index.php\/cercasi-hostess\/","title":{"rendered":"Cercasi Hostess"},"content":{"rendered":"<p>[vc_row][vc_column width=&#8221;1\/2&#8243;][vc_single_image image=&#8221;936&#8243; img_size=&#8221;500&#215;500&#8243; alignment=&#8221;center&#8221;][\/vc_column][vc_column width=&#8221;1\/2&#8243;][vc_column_text]Siamo alla ricerca di un Hostess per le fiere della Tecnologia.<\/p>\n<p>L&#8217;incaricata verr\u00e0 pagata a cottimo per ogni fiera.<\/p>\n<p>Di cui ricever\u00e0:<\/p>\n<p>100 \u20ac giornalieri, con rimborso pranzo \/ cena e per eventuali spostamenti di trasferta.<\/p>\n<p>La candidata dovr\u00e0 necessariamente avere un ottima presenza, capacit\u00e0 di comunicazione e un et\u00e0 compresa tra i 18 e 28 anni.<\/p>\n<div><\/div>\n<div><\/div>\n<div><\/div>\n<div><\/div>\n<p>[\/vc_column_text][wdc_button link_label=&#8221;INVIA LA PROPRIA CANDIDATURA&#8221; link_url=&#8221;url:https%3A%2F%2Feverfortech.com%2Findex.php%2Finvia-la-propria-candidatura-e-lavora-con-noi%2F|title:Invia%20la%20propria%20candidatura%20e%20lavora%20con%20noi&#8221;][\/vc_column][\/vc_row]<\/p>\n","protected":false},"excerpt":{"rendered":"<p>[vc_row][vc_column width=&#8221;1\/2&#8243;][vc_single_image image=&#8221;936&#8243; img_size=&#8221;500&#215;500&#8243; alignment=&#8221;center&#8221;][\/vc_column][vc_column width=&#8221;1\/2&#8243;][vc_column_text]Siamo alla ricerca di un Hostess per le fiere della Tecnologia. L&#8217;incaricata verr\u00e0 pagata a cottimo per ogni fiera. Di cui ricever\u00e0: 100 \u20ac giornalieri, con rimborso pranzo \/ cena e per eventuali spostamenti di trasferta. La candidata dovr\u00e0 necessariamente avere un ottima presenza, capacit\u00e0 di comunicazione e un et\u00e0 [&hellip;]<\/p>\n","protected":false},"author":1,"featured_media":0,"parent":0,"menu_order":0,"comment_status":"closed","ping_status":"closed","template":"","meta":{"spay_email":"","footnotes":""},"class_list":["post-938","page","type-page","status-publish","hentry"],"yoast_head":"<!-- This site is optimized with the Yoast SEO plugin v15.4 - https:\/\/yoast.com\/wordpress\/plugins\/seo\/ -->\n<title>Ever for Tech - Cercasi Hostess<\/title>\n<meta name=\"description\" content=\"OFFERTE DI LAVORO - Cerchiamo un Hostess per le fiere della Tecnologia\" \/>\n<meta name=\"robots\" content=\"index, follow, max-snippet:-1, max-image-preview:large, max-video-preview:-1\" \/>\n<link rel=\"canonical\" href=\"https:\/\/everfortech.com\/index.php\/cercasi-hostess\/\" \/>\n<meta property=\"og:locale\" content=\"it_IT\" \/>\n<meta property=\"og:type\" content=\"article\" \/>\n<meta property=\"og:title\" content=\"Ever for Tech - Cercasi Hostess\" \/>\n<meta property=\"og:description\" content=\"OFFERTE DI LAVORO - Cerchiamo un Hostess per le fiere della Tecnologia\" \/>\n<meta property=\"og:url\" content=\"https:\/\/everfortech.com\/index.php\/cercasi-hostess\/\" \/>\n<meta property=\"og:site_name\" content=\"Ever for Tech\" \/>\n<meta property=\"article:modified_time\" content=\"2020-12-10T05:19:44+00:00\" \/>\n<meta name=\"twitter:card\" content=\"summary_large_image\" \/>\n<meta name=\"twitter:label1\" content=\"Scritto da\">\n\t<meta name=\"twitter:data1\" content=\"admin\">\n\t<meta name=\"twitter:label2\" content=\"Tempo di lettura stimato\">\n\t<meta name=\"twitter:data2\" content=\"0 minuti\">\n<script type=\"application\/ld+json\" class=\"yoast-schema-graph\">{\"@context\":\"https:\/\/schema.org\",\"@graph\":[{\"@type\":\"WebSite\",\"@id\":\"https:\/\/everfortech.com\/#website\",\"url\":\"https:\/\/everfortech.com\/\",\"name\":\"Ever for Tech\",\"description\":\"Enjoy with the Technology\",\"potentialAction\":[{\"@type\":\"SearchAction\",\"target\":\"https:\/\/everfortech.com\/?s={search_term_string}\",\"query-input\":\"required name=search_term_string\"}],\"inLanguage\":\"it-IT\"},{\"@type\":\"WebPage\",\"@id\":\"https:\/\/everfortech.com\/index.php\/cercasi-hostess\/#webpage\",\"url\":\"https:\/\/everfortech.com\/index.php\/cercasi-hostess\/\",\"name\":\"Ever for Tech - Cercasi Hostess\",\"isPartOf\":{\"@id\":\"https:\/\/everfortech.com\/#website\"},\"datePublished\":\"2020-12-09T00:36:48+00:00\",\"dateModified\":\"2020-12-10T05:19:44+00:00\",\"description\":\"OFFERTE DI LAVORO - Cerchiamo un Hostess per le fiere della Tecnologia\",\"inLanguage\":\"it-IT\",\"potentialAction\":[{\"@type\":\"ReadAction\",\"target\":[\"https:\/\/everfortech.com\/index.php\/cercasi-hostess\/\"]}]}]}<\/script>\n<!-- \/ Yoast SEO plugin. -->","_links":{"self":[{"href":"https:\/\/everfortech.com\/index.php\/wp-json\/wp\/v2\/pages\/938","targetHints":{"allow":["GET"]}}],"collection":[{"href":"https:\/\/everfortech.com\/index.php\/wp-json\/wp\/v2\/pages"}],"about":[{"href":"https:\/\/everfortech.com\/index.php\/wp-json\/wp\/v2\/types\/page"}],"author":[{"embeddable":true,"href":"https:\/\/everfortech.com\/index.php\/wp-json\/wp\/v2\/users\/1"}],"replies":[{"embeddable":true,"href":"https:\/\/everfortech.com\/index.php\/wp-json\/wp\/v2\/comments?post=938"}],"version-history":[{"count":2,"href":"https:\/\/everfortech.com\/index.php\/wp-json\/wp\/v2\/pages\/938\/revisions"}],"predecessor-version":[{"id":940,"href":"https:\/\/everfortech.com\/index.php\/wp-json\/wp\/v2\/pages\/938\/revisions\/940"}],"wp:attachment":[{"href":"https:\/\/everfortech.com\/index.php\/wp-json\/wp\/v2\/media?parent=938"}],"curies":[{"name":"wp","href":"https:\/\/api.w.org\/{rel}","templated":true}]}}